{"id":708,"date":"2018-02-20T11:41:10","date_gmt":"2018-02-20T11:41:10","guid":{"rendered":"http:\/\/safinstantdz.com\/saf-instant-la-levure-de-reference\/"},"modified":"2022-04-06T14:41:46","modified_gmt":"2022-04-06T12:41:46","slug":"%d8%b5%d8%a7%d9%81-%d8%a3%d9%86%d8%b3%d8%aa%d8%a7%d9%86%d8%aa-%d8%a7%d9%84%d8%ae%d9%85%d9%8a%d8%b1%d8%a9-%d8%a7%d9%84%d9%85%d8%b1%d8%ac%d8%b9%d9%8a%d8%a9","status":"publish","type":"page","link":"https:\/\/safinstantdz.com\/ar\/%d8%b5%d8%a7%d9%81-%d8%a3%d9%86%d8%b3%d8%aa%d8%a7%d9%86%d8%aa-%d8%a7%d9%84%d8%ae%d9%85%d9%8a%d8%b1%d8%a9-%d8%a7%d9%84%d9%85%d8%b1%d8%ac%d8%b9%d9%8a%d8%a9\/","title":{"rendered":"\u0635\u0627\u0641 \u0623\u0646\u0633\u062a\u0627\u0646\u062a: \u0627\u0644\u062e\u0645\u064a\u0631\u0629 \u0627\u0644\u0645\u0631\u062c\u0639\u064a\u0629"},"content":{"rendered":"<div class=\"wpb-content-wrapper\"><p>[vc_row css_animation=&#8221;&#8221; row_type=&#8221;row&#8221; use_row_as_full_screen_section=&#8221;no&#8221; type=&#8221;full_width&#8221; angled_section=&#8221;no&#8221; text_align=&#8221;left&#8221; background_image_as_pattern=&#8221;without_pattern&#8221; z_index=&#8221;&#8221; css=&#8221;.vc_custom_1530347457393{padding-top: 0px !important;padding-bottom: 2% !important;}&#8221;][vc_column][vc_column_text]<\/p>\n<p style=\"text-align: right;\"><strong>\u0639\u0644\u0627\u0645\u0629 \u0627\u0644\u062e\u0645\u064a\u0631\u0629 \u0627\u0644\u062c\u0627\u0641\u0629 \u0645\u0648\u062c\u0648\u062f\u0629 \u0641\u064a \u0627\u0644\u062c\u0632\u0627\u0626\u0631 \u0645\u0646\u0630 \u0623\u0643\u062b\u0631 \u0645\u0646 40 \u0639\u0627\u0645\u064b\u0627 &#8230; \u0628\u064a\u0646 \u0627\u0644\u0639\u0627\u0626\u0644\u0627\u062a \u0627\u0644\u062c\u0632\u0627\u0626\u0631\u064a\u0629 \u0648 \u0635\u0627\u0641 \u0623\u0646\u0633\u062a\u0627\u0646\u062a\u00ae \u0642\u0635\u0629 \u062d\u0628 \u0637\u0648\u064a\u0644\u0629 \u0644\u064a\u0633\u062a \u062c\u0627\u0647\u0632\u0629 \u0644\u0644\u0646\u0647\u0627\u064a\u0629.<\/strong><\/p>\n<p>[\/vc_column_text][\/vc_column][\/vc_row][vc_row css_animation=&#8221;&#8221; row_type=&#8221;row&#8221; use_row_as_full_screen_section=&#8221;no&#8221; type=&#8221;full_width&#8221; angled_section=&#8221;no&#8221; text_align=&#8221;left&#8221; background_image_as_pattern=&#8221;without_pattern&#8221; z_index=&#8221;&#8221; css=&#8221;.vc_custom_1530347457393{padding-top: 0px !important;padding-bottom: 2% !important;}&#8221;][vc_column width=&#8221;1\/2&#8243; css=&#8221;.vc_custom_1530683121720{padding-top: 15px !important;}&#8221;][vc_column_text]<\/p>\n<p style=\"text-align: right;\">\u062a\u0646\u0627\u0642\u0644\u0647\u0627 \u0645\u0646 \u062c\u064a\u0644 \u0625\u0644\u0649 \u062c\u064a\u0644 \u060c \u0645\u0646 \u062c\u062f\u0629 \u0625\u0644\u0649 \u062d\u0641\u064a\u062f\u0629! \u062f\u062e\u0644\u062a \u0627\u0644\u0639\u0644\u0627\u0645\u0629 \u0627\u0644\u062a\u062c\u0627\u0631\u064a\u0629 \u0641\u064a \u0642\u0644\u0648\u0628 \u0627\u0644\u0645\u0633\u062a\u0647\u0644\u0643\u064a\u0646 \u0627\u0644\u062c\u0632\u0627\u0626\u0631\u064a\u064a\u0646 \u060c \u0648\u0628\u0630\u0644\u0643 \u0623\u0635\u0628\u062d\u062a \u0633\u0631\u064b\u0627 \u0644\u0627 \u064a\u062a\u0645 \u062a\u0642\u0627\u0633\u0645\u0647 \u0625\u0644\u0627 \u0628\u064a\u0646 \u0623\u0641\u0631\u0627\u062f \u0627\u0644\u0623\u0633\u0631\u0629.<\/p>\n<p>[\/vc_column_text][\/vc_column][vc_column width=&#8221;1\/2&#8243;][vc_video link=&#8221;https:\/\/www.youtube.com\/watch?v=IkGiH434GNI&#8221; align=&#8221;center&#8221;][\/vc_column][\/vc_row][vc_row css_animation=&#8221;&#8221; row_type=&#8221;row&#8221; use_row_as_full_screen_section=&#8221;no&#8221; type=&#8221;full_width&#8221; angled_section=&#8221;no&#8221; text_align=&#8221;left&#8221; background_image_as_pattern=&#8221;without_pattern&#8221; css=&#8221;.vc_custom_1530682454198{padding-top: 1% !important;padding-bottom: 2% !important;}&#8221; z_index=&#8221;&#8221;][vc_column][vc_column_text]<\/p>\n<p style=\"text-align: right;\">\u0645\u062a\u062d\u0627\u0644\u0641\u064b\u0629 \u0645\u0639 \u0627\u0644\u0639\u0627\u0626\u0644\u0627\u062a \u0627\u0644\u062c\u0632\u0627\u0626\u0631\u064a\u0629 \u0627\u0644\u062a\u064a \u062a\u0634\u062a\u0631\u0643 \u0641\u064a \u0634\u063a\u0641 \u0635\u0646\u0639 \u0627\u0644\u062e\u0628\u0632 \u0641\u064a \u0627\u0644\u0645\u0646\u0632\u0644 \u060c \u062a\u0633\u0627\u0639\u062f\u0647\u0645 \u0635\u0627\u0641 \u0623\u0646\u0633\u062a\u0627\u0646\u062a\u00ae \u0648\u062a\u0644\u0647\u0645\u0647\u0645 \u0648\u062a\u0633\u0645\u062d \u0644\u0647\u0645 \u0628\u0625\u0639\u062f\u0627\u062f \u062a\u062e\u0635\u0635\u0627\u062a \u0627\u0644\u062e\u0628\u0632 \u0627\u0644\u062e\u0627\u0635\u0629 \u0628\u0647\u0645 \u0641\u064a \u0627\u0644\u0645\u0646\u0632\u0644\u060c \u0645\u0646 \u062e\u0644\u0627\u0644 \u062a\u0642\u062f\u064a\u0645 \u062e\u0645\u064a\u0631\u0629 \u0639\u0627\u0644\u064a\u0629 \u0627\u0644\u0623\u062f\u0627\u0621 \u0648\u0633\u0647\u0644\u0629 \u0627\u0644\u0627\u0633\u062a\u062e\u062f\u0627\u0645 \u0648\u0627\u0644\u062a\u064a \u062a\u062d\u0642\u0642 \u062f\u0627\u0626\u0645\u064b\u0627 \u0646\u062a\u064a\u062c\u0629 \u062a\u0644\u0628\u064a \u0627\u0644\u062a\u0648\u0642\u0639\u0627\u062a \u060c \u0628\u063a\u0636 \u0627\u0644\u0646\u0638\u0631 \u0639\u0646 \u0627\u0644\u062a\u062e\u0635\u0635 \u0627\u0644\u0645\u0637\u0644\u0648\u0628: \u0645\u0646 \u0627\u0644\u0631\u063a\u064a\u0641 \u0627\u0644\u0641\u0631\u0646\u0633\u064a \u0625\u0644\u0649 \u0627\u0644\u0645\u0637\u0644\u0648\u0639 \u060c \u0625\u0644\u0649 \u0627\u0644\u0643\u0633\u0631\u0629 &#8230; \u0644\u0644\u0627\u0633\u062a\u0645\u062a\u0627\u0639 \u0628\u0647 \u0645\u0639 \u0627\u0644\u0639\u0627\u0626\u0644\u0629 \u0623\u0648 \u0627\u0644\u0623\u0635\u062f\u0642\u0627\u0621 \u060c \u0645\u0639 \u0627\u0644\u0642\u0644\u064a\u0644 \u0645\u0646 \u0632\u064a\u062a \u0627\u0644\u0632\u064a\u062a\u0648\u0646 \u0648\u0627\u0644\u0637\u0645\u0627\u0637\u0645 \u0627\u0644\u0645\u0641\u062a\u062a\u0629 \u0639\u0644\u0649 \u0634\u0631\u064a\u062d\u0629 \u0627\u0644\u0645\u0637\u0644\u0648\u0639 &#8230; \u0645\u062a\u0639\u0629 \u062e\u0627\u0644\u0635\u0629!<\/p>\n<p>[\/vc_column_text][\/vc_column][\/vc_row][vc_row css_animation=&#8221;&#8221; row_type=&#8221;row&#8221; use_row_as_full_screen_section=&#8221;no&#8221; type=&#8221;full_width&#8221; angled_section=&#8221;no&#8221; text_align=&#8221;left&#8221; background_image_as_pattern=&#8221;without_pattern&#8221; css=&#8221;.vc_custom_1530682461500{padding-top: 1% !important;padding-bottom: 2% !important;}&#8221; z_index=&#8221;&#8221;][vc_column][vc_column_text]<\/p>\n<p style=\"text-align: right;\"><img loading=\"lazy\" decoding=\"async\" class=\"size-medium wp-image-2097 alignleft\" src=\"https:\/\/safinstantdz.com\/wp-content\/uploads\/2022\/04\/SHERAZADE-SAF-268x300.jpg\" alt=\"Chef Sherazade\" width=\"268\" height=\"300\" srcset=\"https:\/\/safinstantdz.com\/wp-content\/uploads\/2022\/04\/SHERAZADE-SAF-268x300.jpg 268w, https:\/\/safinstantdz.com\/wp-content\/uploads\/2022\/04\/SHERAZADE-SAF-768x859.jpg 768w, https:\/\/safinstantdz.com\/wp-content\/uploads\/2022\/04\/SHERAZADE-SAF-700x783.jpg 700w, https:\/\/safinstantdz.com\/wp-content\/uploads\/2022\/04\/SHERAZADE-SAF.jpg 800w\" sizes=\"auto, (max-width: 268px) 100vw, 268px\" \/>\u0645\u0646 \u062e\u0644\u0627\u0644 \u0647\u0630\u0627 \u0627\u0644\u0645\u0648\u0642\u0639 \u0648\u0643\u0630\u0644\u0643 \u0627\u0644\u0634\u0628\u0643\u0627\u062a \u0627\u0644\u0627\u062c\u062a\u0645\u0627\u0639\u064a\u0629: \u0641\u064a\u0633 \u0628\u0648\u0643\u060c \u0623\u0646\u0633\u062a\u063a\u0631\u0627\u0645 \u0648 \u064a\u0648\u062a\u0648\u0628\u060c \u062a\u0642\u062f\u0645 \u0627\u0644\u0639\u0644\u0627\u0645\u0629 \u0627\u0644\u062a\u062c\u0627\u0631\u064a\u0629 \u0635\u0627\u0641 \u0623\u0646\u0633\u062a\u0627\u0646\u062a\u00ae \u062f\u0627\u0626\u0645\u064b\u0627 \u0645\u062d\u062a\u0648\u0649 \u0637\u0647\u064a \u0644\u0645\u062d\u0628\u064a\u0647\u0627 \u0627\u0644\u062c\u0632\u0627\u0626\u0631\u064a\u064a\u0646\u060c \u0627\u0644\u0630\u064a \u062d\u0627\u0641\u0638\u062a \u0645\u0639\u0647\u0645 \u0639\u0644\u0649 \u0639\u0644\u0627\u0642\u0629 \u0642\u0648\u064a\u0629 \u062c\u062f\u064b\u0627 \u0644\u0633\u0646\u0648\u0627\u062a \u0639\u062f\u064a\u062f\u0629.<br \/>\n\u0628\u0641\u0636\u0644 \u0633\u0641\u064a\u0631\u062a\u0647\u0627 &#8220;\u0627\u0644\u0634\u064a\u0641 \u0634\u0647\u0631\u0627\u0632\u0627\u062f&#8221; \u0648 \u0641\u0631\u064a\u0642 \u0645\u0646 \u0627\u0644\u0645\u0624\u062b\u0631\u064a\u0646 \u0641\u064a \u0645\u062c\u0627\u0644 \u0627\u0644\u0637\u0647\u064a \u060c \u062a\u0646\u0637\u0644\u0642 \u0627\u0644\u0639\u0644\u0627\u0645\u0629 \u0627\u0644\u062a\u062c\u0627\u0631\u064a\u0629 \u0635\u0627\u0641 \u0623\u0646\u0633\u062a\u0627\u0646\u062a\u00ae \u0644\u0627\u0643\u062a\u0634\u0627\u0641 \u062b\u0631\u0648\u0629 \u0627\u0644\u0637\u0647\u064a \u0648\u0627\u0644\u062a\u0646\u0648\u0639 \u0641\u064a \u0627\u0644\u062c\u0632\u0627\u0626\u0631\u060c \u0645\u0645\u0627 \u064a\u0636\u0641\u064a \u0644\u0645\u0633\u0629 \u0645\u0646 \u0627\u0644\u062d\u062f\u0627\u062b\u0629 \u0645\u0639 \u0645\u0646\u062a\u062c \u0639\u0627\u0644\u064a \u0627\u0644\u062c\u0648\u062f\u0629 \u060c \u064a\u062d\u0638\u0649 \u0628\u062a\u0642\u062f\u064a\u0631 \u0627\u0644\u0645\u0633\u062a\u0647\u0644\u0643\u064a\u0646 \u062f\u0627\u0626\u0645\u064b\u0627..<\/p>\n<p>[\/vc_column_text][\/vc_column][\/vc_row][vc_row css_animation=&#8221;&#8221; row_type=&#8221;row&#8221; use_row_as_full_screen_section=&#8221;no&#8221; type=&#8221;full_width&#8221; angled_section=&#8221;no&#8221; text_align=&#8221;left&#8221; background_image_as_pattern=&#8221;without_pattern&#8221; css=&#8221;.vc_custom_1530682454198{padding-top: 1% !important;padding-bottom: 2% !important;}&#8221; z_index=&#8221;&#8221;][vc_column][vc_column_text]<\/p>\n<p style=\"text-align: right;\"><strong>\u0633\u0647\u0644\u0629 \u0627\u0644\u0627\u0633\u062a\u062e\u062f\u0627\u0645 \u060c \u0648\u0644\u0627 \u062a\u062a\u0637\u0644\u0628 \u0645\u0639\u0627\u0644\u062c\u0629 \u0627\u0644\u062c\u0641\u0627\u0641 \u060c \u062a\u062a\u0648\u0641\u0631 \u062e\u0645\u064a\u0631\u0629 Saf-Instant\u00ae \u0641\u064a \u0634\u0643\u0644\u064a\u0646 125 \u062c\u0645 \u0648 500 \u062c\u0645:<\/strong><\/p>\n<p>[\/vc_column_text][vc_separator type=&#8221;transparent&#8221; up=&#8221;15&#8243; down=&#8221;15&#8243;][vc_row_inner row_type=&#8221;row&#8221; type=&#8221;full_width&#8221; text_align=&#8221;left&#8221; css_animation=&#8221;&#8221;][vc_column_inner][vc_single_image image=&#8221;1583&#8243; img_size=&#8221;full&#8221; alignment=&#8221;center&#8221; qode_css_animation=&#8221;&#8221;][\/vc_column_inner][\/vc_row_inner][\/vc_column][\/vc_row]<\/p>\n<\/div>","protected":false},"excerpt":{"rendered":"<p>[vc_row css_animation=&#8221;&#8221; row_type=&#8221;row&#8221; use_row_as_full_screen_section=&#8221;no&#8221; type=&#8221;full_width&#8221; angled_section=&#8221;no&#8221; text_align=&#8221;left&#8221; background_image_as_pattern=&#8221;without_pattern&#8221; z_index=&#8221;&#8221; css=&#8221;.vc_custom_1530347457393{padding-top: 0px !important;padding-bottom: 2% !important;}&#8221;][vc_column][vc_column_text] \u0639\u0644\u0627\u0645\u0629 \u0627\u0644\u062e\u0645\u064a\u0631\u0629 \u0627\u0644\u062c\u0627\u0641\u0629 \u0645\u0648\u062c\u0648\u062f\u0629 \u0641\u064a \u0627\u0644\u062c\u0632\u0627\u0626\u0631 \u0645\u0646\u0630 \u0623\u0643\u062b\u0631 \u0645\u0646 40 \u0639\u0627\u0645\u064b\u0627 &#8230; \u0628\u064a\u0646 \u0627\u0644\u0639\u0627\u0626\u0644\u0627\u062a \u0627\u0644\u062c\u0632\u0627\u0626\u0631\u064a\u0629 \u0648 \u0635\u0627\u0641 \u0623\u0646\u0633\u062a\u0627\u0646\u062a\u00ae \u0642\u0635\u0629 \u062d\u0628 \u0637\u0648\u064a\u0644\u0629 \u0644\u064a\u0633\u062a \u062c\u0627\u0647\u0632\u0629 \u0644\u0644\u0646\u0647\u0627\u064a\u0629. [\/vc_column_text][\/vc_column][\/vc_row][vc_row css_animation=&#8221;&#8221; row_type=&#8221;row&#8221; use_row_as_full_screen_section=&#8221;no&#8221; type=&#8221;full_width&#8221; angled_section=&#8221;no&#8221; text_align=&#8221;left&#8221;&#8230;<\/p>\n","protected":false},"author":1,"featured_media":0,"parent":0,"menu_order":0,"comment_status":"closed","ping_status":"closed","template":"","meta":{"footnotes":""},"class_list":["post-708","page","type-page","status-publish","hentry"],"yoast_head":"<!-- This site is optimized with the Yoast SEO Premium plugin v19.5 (Yoast SEO v27.4) - https:\/\/yoast.com\/product\/yoast-seo-premium-wordpress\/ -->\n<title>Saf-Instant : la levure s\u00e8che de r\u00e9f\u00e9rence &#8226; Saf-Instant Alg\u00e9rie<\/title>\n<meta name=\"description\" content=\"Depuis plus de 40 ans, Saf-Instant est la levure s\u00e8che de r\u00e9f\u00e9rence en Alg\u00e9rie : une longue histoire d&#039;amour entre les familles et la marque qui n&#039;est pas pr\u00eate de s&#039;\u00e9teindre !\" \/>\n<meta name=\"robots\" content=\"index, follow, max-snippet:-1, max-image-preview:large, max-video-preview:-1\" \/>\n<link rel=\"canonical\" href=\"https:\/\/safinstantdz.com\/ar\/\u0635\u0627\u0641-\u0623\u0646\u0633\u062a\u0627\u0646\u062a-\u0627\u0644\u062e\u0645\u064a\u0631\u0629-\u0627\u0644\u0645\u0631\u062c\u0639\u064a\u0629\/\" \/>\n<meta property=\"og:locale\" content=\"ar_AR\" \/>\n<meta property=\"og:type\" content=\"article\" \/>\n<meta property=\"og:title\" content=\"\u0635\u0627\u0641 \u0623\u0646\u0633\u062a\u0627\u0646\u062a: \u0627\u0644\u062e\u0645\u064a\u0631\u0629 \u0627\u0644\u0645\u0631\u062c\u0639\u064a\u0629\" \/>\n<meta property=\"og:description\" content=\"Depuis plus de 40 ans, Saf-Instant est la levure s\u00e8che de r\u00e9f\u00e9rence en Alg\u00e9rie : une longue histoire d&#039;amour entre les familles et la marque qui n&#039;est pas pr\u00eate de s&#039;\u00e9teindre !\" \/>\n<meta property=\"og:url\" content=\"https:\/\/safinstantdz.com\/ar\/\u0635\u0627\u0641-\u0623\u0646\u0633\u062a\u0627\u0646\u062a-\u0627\u0644\u062e\u0645\u064a\u0631\u0629-\u0627\u0644\u0645\u0631\u062c\u0639\u064a\u0629\/\" \/>\n<meta property=\"og:site_name\" content=\"Saf-Instant Alg\u00e9rie\" \/>\n<meta property=\"article:modified_time\" content=\"2022-04-06T12:41:46+00:00\" \/>\n<meta property=\"og:image\" content=\"https:\/\/safinstantdz.com\/wp-content\/uploads\/2022\/04\/SHERAZADE-SAF-268x300.jpg\" \/>\n<meta name=\"twitter:card\" content=\"summary_large_image\" \/>\n<meta name=\"twitter:label1\" content=\"\u0648\u0642\u062a \u0627\u0644\u0642\u0631\u0627\u0621\u0629 \u0627\u0644\u0645\u064f\u0642\u062f\u0651\u0631\" \/>\n\t<meta name=\"twitter:data1\" content=\"\u062f\u0642\u064a\u0642\u062a\u0627\u0646\" \/>\n<script type=\"application\/ld+json\" class=\"yoast-schema-graph\">{\"@context\":\"https:\\\/\\\/schema.org\",\"@graph\":[{\"@type\":\"WebPage\",\"@id\":\"https:\\\/\\\/safinstantdz.com\\\/ar\\\/%d8%b5%d8%a7%d9%81-%d8%a3%d9%86%d8%b3%d8%aa%d8%a7%d9%86%d8%aa-%d8%a7%d9%84%d8%ae%d9%85%d9%8a%d8%b1%d8%a9-%d8%a7%d9%84%d9%85%d8%b1%d8%ac%d8%b9%d9%8a%d8%a9\\\/\",\"url\":\"https:\\\/\\\/safinstantdz.com\\\/ar\\\/%d8%b5%d8%a7%d9%81-%d8%a3%d9%86%d8%b3%d8%aa%d8%a7%d9%86%d8%aa-%d8%a7%d9%84%d8%ae%d9%85%d9%8a%d8%b1%d8%a9-%d8%a7%d9%84%d9%85%d8%b1%d8%ac%d8%b9%d9%8a%d8%a9\\\/\",\"name\":\"Saf-Instant : la levure s\u00e8che de r\u00e9f\u00e9rence &#8226; Saf-Instant Alg\u00e9rie\",\"isPartOf\":{\"@id\":\"https:\\\/\\\/safinstantdz.com\\\/ar\\\/#website\"},\"primaryImageOfPage\":{\"@id\":\"https:\\\/\\\/safinstantdz.com\\\/ar\\\/%d8%b5%d8%a7%d9%81-%d8%a3%d9%86%d8%b3%d8%aa%d8%a7%d9%86%d8%aa-%d8%a7%d9%84%d8%ae%d9%85%d9%8a%d8%b1%d8%a9-%d8%a7%d9%84%d9%85%d8%b1%d8%ac%d8%b9%d9%8a%d8%a9\\\/#primaryimage\"},\"image\":{\"@id\":\"https:\\\/\\\/safinstantdz.com\\\/ar\\\/%d8%b5%d8%a7%d9%81-%d8%a3%d9%86%d8%b3%d8%aa%d8%a7%d9%86%d8%aa-%d8%a7%d9%84%d8%ae%d9%85%d9%8a%d8%b1%d8%a9-%d8%a7%d9%84%d9%85%d8%b1%d8%ac%d8%b9%d9%8a%d8%a9\\\/#primaryimage\"},\"thumbnailUrl\":\"https:\\\/\\\/safinstantdz.com\\\/wp-content\\\/uploads\\\/2022\\\/04\\\/SHERAZADE-SAF-268x300.jpg\",\"datePublished\":\"2018-02-20T11:41:10+00:00\",\"dateModified\":\"2022-04-06T12:41:46+00:00\",\"description\":\"Depuis plus de 40 ans, Saf-Instant est la levure s\u00e8che de r\u00e9f\u00e9rence en Alg\u00e9rie : une longue histoire d'amour entre les familles et la marque qui n'est pas pr\u00eate de s'\u00e9teindre !\",\"breadcrumb\":{\"@id\":\"https:\\\/\\\/safinstantdz.com\\\/ar\\\/%d8%b5%d8%a7%d9%81-%d8%a3%d9%86%d8%b3%d8%aa%d8%a7%d9%86%d8%aa-%d8%a7%d9%84%d8%ae%d9%85%d9%8a%d8%b1%d8%a9-%d8%a7%d9%84%d9%85%d8%b1%d8%ac%d8%b9%d9%8a%d8%a9\\\/#breadcrumb\"},\"inLanguage\":\"ar\",\"potentialAction\":[{\"@type\":\"ReadAction\",\"target\":[\"https:\\\/\\\/safinstantdz.com\\\/ar\\\/%d8%b5%d8%a7%d9%81-%d8%a3%d9%86%d8%b3%d8%aa%d8%a7%d9%86%d8%aa-%d8%a7%d9%84%d8%ae%d9%85%d9%8a%d8%b1%d8%a9-%d8%a7%d9%84%d9%85%d8%b1%d8%ac%d8%b9%d9%8a%d8%a9\\\/\"]}]},{\"@type\":\"ImageObject\",\"inLanguage\":\"ar\",\"@id\":\"https:\\\/\\\/safinstantdz.com\\\/ar\\\/%d8%b5%d8%a7%d9%81-%d8%a3%d9%86%d8%b3%d8%aa%d8%a7%d9%86%d8%aa-%d8%a7%d9%84%d8%ae%d9%85%d9%8a%d8%b1%d8%a9-%d8%a7%d9%84%d9%85%d8%b1%d8%ac%d8%b9%d9%8a%d8%a9\\\/#primaryimage\",\"url\":\"https:\\\/\\\/safinstantdz.com\\\/wp-content\\\/uploads\\\/2022\\\/04\\\/SHERAZADE-SAF-268x300.jpg\",\"contentUrl\":\"https:\\\/\\\/safinstantdz.com\\\/wp-content\\\/uploads\\\/2022\\\/04\\\/SHERAZADE-SAF-268x300.jpg\"},{\"@type\":\"BreadcrumbList\",\"@id\":\"https:\\\/\\\/safinstantdz.com\\\/ar\\\/%d8%b5%d8%a7%d9%81-%d8%a3%d9%86%d8%b3%d8%aa%d8%a7%d9%86%d8%aa-%d8%a7%d9%84%d8%ae%d9%85%d9%8a%d8%b1%d8%a9-%d8%a7%d9%84%d9%85%d8%b1%d8%ac%d8%b9%d9%8a%d8%a9\\\/#breadcrumb\",\"itemListElement\":[{\"@type\":\"ListItem\",\"position\":1,\"name\":\"Home\",\"item\":\"https:\\\/\\\/safinstantdz.com\\\/ar\\\/\"},{\"@type\":\"ListItem\",\"position\":2,\"name\":\"\u0635\u0627\u0641 \u0623\u0646\u0633\u062a\u0627\u0646\u062a: \u0627\u0644\u062e\u0645\u064a\u0631\u0629 \u0627\u0644\u0645\u0631\u062c\u0639\u064a\u0629\"}]},{\"@type\":\"WebSite\",\"@id\":\"https:\\\/\\\/safinstantdz.com\\\/ar\\\/#website\",\"url\":\"https:\\\/\\\/safinstantdz.com\\\/ar\\\/\",\"name\":\"Saf-Instant Alg\u00e9rie\",\"description\":\"la levure s\u00e8che de r\u00e9f\u00e9rence\",\"potentialAction\":[{\"@type\":\"SearchAction\",\"target\":{\"@type\":\"EntryPoint\",\"urlTemplate\":\"https:\\\/\\\/safinstantdz.com\\\/ar\\\/?s={search_term_string}\"},\"query-input\":{\"@type\":\"PropertyValueSpecification\",\"valueRequired\":true,\"valueName\":\"search_term_string\"}}],\"inLanguage\":\"ar\"}]}<\/script>\n<!-- \/ Yoast SEO Premium plugin. -->","yoast_head_json":{"title":"Saf-Instant : la levure s\u00e8che de r\u00e9f\u00e9rence &#8226; Saf-Instant Alg\u00e9rie","description":"Depuis plus de 40 ans, Saf-Instant est la levure s\u00e8che de r\u00e9f\u00e9rence en Alg\u00e9rie : une longue histoire d'amour entre les familles et la marque qui n'est pas pr\u00eate de s'\u00e9teindre !","robots":{"index":"index","follow":"follow","max-snippet":"max-snippet:-1","max-image-preview":"max-image-preview:large","max-video-preview":"max-video-preview:-1"},"canonical":"https:\/\/safinstantdz.com\/ar\/\u0635\u0627\u0641-\u0623\u0646\u0633\u062a\u0627\u0646\u062a-\u0627\u0644\u062e\u0645\u064a\u0631\u0629-\u0627\u0644\u0645\u0631\u062c\u0639\u064a\u0629\/","og_locale":"ar_AR","og_type":"article","og_title":"\u0635\u0627\u0641 \u0623\u0646\u0633\u062a\u0627\u0646\u062a: \u0627\u0644\u062e\u0645\u064a\u0631\u0629 \u0627\u0644\u0645\u0631\u062c\u0639\u064a\u0629","og_description":"Depuis plus de 40 ans, Saf-Instant est la levure s\u00e8che de r\u00e9f\u00e9rence en Alg\u00e9rie : une longue histoire d'amour entre les familles et la marque qui n'est pas pr\u00eate de s'\u00e9teindre !","og_url":"https:\/\/safinstantdz.com\/ar\/\u0635\u0627\u0641-\u0623\u0646\u0633\u062a\u0627\u0646\u062a-\u0627\u0644\u062e\u0645\u064a\u0631\u0629-\u0627\u0644\u0645\u0631\u062c\u0639\u064a\u0629\/","og_site_name":"Saf-Instant Alg\u00e9rie","article_modified_time":"2022-04-06T12:41:46+00:00","og_image":[{"url":"https:\/\/safinstantdz.com\/wp-content\/uploads\/2022\/04\/SHERAZADE-SAF-268x300.jpg","type":"","width":"","height":""}],"twitter_card":"summary_large_image","twitter_misc":{"\u0648\u0642\u062a \u0627\u0644\u0642\u0631\u0627\u0621\u0629 \u0627\u0644\u0645\u064f\u0642\u062f\u0651\u0631":"\u062f\u0642\u064a\u0642\u062a\u0627\u0646"},"schema":{"@context":"https:\/\/schema.org","@graph":[{"@type":"WebPage","@id":"https:\/\/safinstantdz.com\/ar\/%d8%b5%d8%a7%d9%81-%d8%a3%d9%86%d8%b3%d8%aa%d8%a7%d9%86%d8%aa-%d8%a7%d9%84%d8%ae%d9%85%d9%8a%d8%b1%d8%a9-%d8%a7%d9%84%d9%85%d8%b1%d8%ac%d8%b9%d9%8a%d8%a9\/","url":"https:\/\/safinstantdz.com\/ar\/%d8%b5%d8%a7%d9%81-%d8%a3%d9%86%d8%b3%d8%aa%d8%a7%d9%86%d8%aa-%d8%a7%d9%84%d8%ae%d9%85%d9%8a%d8%b1%d8%a9-%d8%a7%d9%84%d9%85%d8%b1%d8%ac%d8%b9%d9%8a%d8%a9\/","name":"Saf-Instant : la levure s\u00e8che de r\u00e9f\u00e9rence &#8226; Saf-Instant Alg\u00e9rie","isPartOf":{"@id":"https:\/\/safinstantdz.com\/ar\/#website"},"primaryImageOfPage":{"@id":"https:\/\/safinstantdz.com\/ar\/%d8%b5%d8%a7%d9%81-%d8%a3%d9%86%d8%b3%d8%aa%d8%a7%d9%86%d8%aa-%d8%a7%d9%84%d8%ae%d9%85%d9%8a%d8%b1%d8%a9-%d8%a7%d9%84%d9%85%d8%b1%d8%ac%d8%b9%d9%8a%d8%a9\/#primaryimage"},"image":{"@id":"https:\/\/safinstantdz.com\/ar\/%d8%b5%d8%a7%d9%81-%d8%a3%d9%86%d8%b3%d8%aa%d8%a7%d9%86%d8%aa-%d8%a7%d9%84%d8%ae%d9%85%d9%8a%d8%b1%d8%a9-%d8%a7%d9%84%d9%85%d8%b1%d8%ac%d8%b9%d9%8a%d8%a9\/#primaryimage"},"thumbnailUrl":"https:\/\/safinstantdz.com\/wp-content\/uploads\/2022\/04\/SHERAZADE-SAF-268x300.jpg","datePublished":"2018-02-20T11:41:10+00:00","dateModified":"2022-04-06T12:41:46+00:00","description":"Depuis plus de 40 ans, Saf-Instant est la levure s\u00e8che de r\u00e9f\u00e9rence en Alg\u00e9rie : une longue histoire d'amour entre les familles et la marque qui n'est pas pr\u00eate de s'\u00e9teindre !","breadcrumb":{"@id":"https:\/\/safinstantdz.com\/ar\/%d8%b5%d8%a7%d9%81-%d8%a3%d9%86%d8%b3%d8%aa%d8%a7%d9%86%d8%aa-%d8%a7%d9%84%d8%ae%d9%85%d9%8a%d8%b1%d8%a9-%d8%a7%d9%84%d9%85%d8%b1%d8%ac%d8%b9%d9%8a%d8%a9\/#breadcrumb"},"inLanguage":"ar","potentialAction":[{"@type":"ReadAction","target":["https:\/\/safinstantdz.com\/ar\/%d8%b5%d8%a7%d9%81-%d8%a3%d9%86%d8%b3%d8%aa%d8%a7%d9%86%d8%aa-%d8%a7%d9%84%d8%ae%d9%85%d9%8a%d8%b1%d8%a9-%d8%a7%d9%84%d9%85%d8%b1%d8%ac%d8%b9%d9%8a%d8%a9\/"]}]},{"@type":"ImageObject","inLanguage":"ar","@id":"https:\/\/safinstantdz.com\/ar\/%d8%b5%d8%a7%d9%81-%d8%a3%d9%86%d8%b3%d8%aa%d8%a7%d9%86%d8%aa-%d8%a7%d9%84%d8%ae%d9%85%d9%8a%d8%b1%d8%a9-%d8%a7%d9%84%d9%85%d8%b1%d8%ac%d8%b9%d9%8a%d8%a9\/#primaryimage","url":"https:\/\/safinstantdz.com\/wp-content\/uploads\/2022\/04\/SHERAZADE-SAF-268x300.jpg","contentUrl":"https:\/\/safinstantdz.com\/wp-content\/uploads\/2022\/04\/SHERAZADE-SAF-268x300.jpg"},{"@type":"BreadcrumbList","@id":"https:\/\/safinstantdz.com\/ar\/%d8%b5%d8%a7%d9%81-%d8%a3%d9%86%d8%b3%d8%aa%d8%a7%d9%86%d8%aa-%d8%a7%d9%84%d8%ae%d9%85%d9%8a%d8%b1%d8%a9-%d8%a7%d9%84%d9%85%d8%b1%d8%ac%d8%b9%d9%8a%d8%a9\/#breadcrumb","itemListElement":[{"@type":"ListItem","position":1,"name":"Home","item":"https:\/\/safinstantdz.com\/ar\/"},{"@type":"ListItem","position":2,"name":"\u0635\u0627\u0641 \u0623\u0646\u0633\u062a\u0627\u0646\u062a: \u0627\u0644\u062e\u0645\u064a\u0631\u0629 \u0627\u0644\u0645\u0631\u062c\u0639\u064a\u0629"}]},{"@type":"WebSite","@id":"https:\/\/safinstantdz.com\/ar\/#website","url":"https:\/\/safinstantdz.com\/ar\/","name":"Saf-Instant Alg\u00e9rie","description":"la levure s\u00e8che de r\u00e9f\u00e9rence","potentialAction":[{"@type":"SearchAction","target":{"@type":"EntryPoint","urlTemplate":"https:\/\/safinstantdz.com\/ar\/?s={search_term_string}"},"query-input":{"@type":"PropertyValueSpecification","valueRequired":true,"valueName":"search_term_string"}}],"inLanguage":"ar"}]}},"_links":{"self":[{"href":"https:\/\/safinstantdz.com\/ar\/wp-json\/wp\/v2\/pages\/708","targetHints":{"allow":["GET"]}}],"collection":[{"href":"https:\/\/safinstantdz.com\/ar\/wp-json\/wp\/v2\/pages"}],"about":[{"href":"https:\/\/safinstantdz.com\/ar\/wp-json\/wp\/v2\/types\/page"}],"author":[{"embeddable":true,"href":"https:\/\/safinstantdz.com\/ar\/wp-json\/wp\/v2\/users\/1"}],"replies":[{"embeddable":true,"href":"https:\/\/safinstantdz.com\/ar\/wp-json\/wp\/v2\/comments?post=708"}],"version-history":[{"count":0,"href":"https:\/\/safinstantdz.com\/ar\/wp-json\/wp\/v2\/pages\/708\/revisions"}],"wp:attachment":[{"href":"https:\/\/safinstantdz.com\/ar\/wp-json\/wp\/v2\/media?parent=708"}],"curies":[{"name":"wp","href":"https:\/\/api.w.org\/{rel}","templated":true}]}}