{"id":426,"date":"2018-06-29T14:56:27","date_gmt":"2018-06-29T12:56:27","guid":{"rendered":"http:\/\/safinstantdz.com\/?page_id=426"},"modified":"2018-07-11T16:03:38","modified_gmt":"2018-07-11T14:03:38","slug":"quoi-de-neuf","status":"publish","type":"page","link":"https:\/\/safinstantdz.com\/fr\/quoi-de-neuf\/","title":{"rendered":"Quoi de neuf ?"},"content":{"rendered":"","protected":false},"excerpt":{"rendered":"","protected":false},"author":1,"featured_media":0,"parent":0,"menu_order":0,"comment_status":"closed","ping_status":"closed","template":"blog-masonry.php","meta":{"footnotes":""},"class_list":["post-426","page","type-page","status-publish","hentry"],"yoast_head":"<!-- This site is optimized with the Yoast SEO Premium plugin v19.5 (Yoast SEO v27.4) - https:\/\/yoast.com\/product\/yoast-seo-premium-wordpress\/ -->\n<title>Toutes nos actualit\u00e9s &#8226; Saf-Instant Alg\u00e9rie<\/title>\n<meta name=\"description\" content=\"Quoi de neuf avec Saf-Instant Alg\u00e9rie ? Retrouvez toutes les actualit\u00e9s de la marque de levure s\u00e8che de r\u00e9f\u00e9rence, comme notre \u00e9mission &quot;Au c\u0153ur de l&#039;Alg\u00e9rie&quot;.\" \/>\n<meta name=\"robots\" content=\"index, follow, max-snippet:-1, max-image-preview:large, max-video-preview:-1\" \/>\n<link rel=\"canonical\" href=\"https:\/\/safinstantdz.com\/fr\/quoi-de-neuf\/\" \/>\n<meta property=\"og:locale\" content=\"fr_FR\" \/>\n<meta property=\"og:type\" content=\"article\" \/>\n<meta property=\"og:title\" content=\"Quoi de neuf ?\" \/>\n<meta property=\"og:description\" content=\"Quoi de neuf avec Saf-Instant Alg\u00e9rie ? Retrouvez toutes les actualit\u00e9s de la marque de levure s\u00e8che de r\u00e9f\u00e9rence, comme notre \u00e9mission &quot;Au c\u0153ur de l&#039;Alg\u00e9rie&quot;.\" \/>\n<meta property=\"og:url\" content=\"https:\/\/safinstantdz.com\/fr\/quoi-de-neuf\/\" \/>\n<meta property=\"og:site_name\" content=\"Saf-Instant Alg\u00e9rie\" \/>\n<meta property=\"article:modified_time\" content=\"2018-07-11T14:03:38+00:00\" \/>\n<meta name=\"twitter:card\" content=\"summary_large_image\" \/>\n<script type=\"application\/ld+json\" class=\"yoast-schema-graph\">{\"@context\":\"https:\\\/\\\/schema.org\",\"@graph\":[{\"@type\":\"WebPage\",\"@id\":\"https:\\\/\\\/safinstantdz.com\\\/fr\\\/quoi-de-neuf\\\/\",\"url\":\"https:\\\/\\\/safinstantdz.com\\\/fr\\\/quoi-de-neuf\\\/\",\"name\":\"Toutes nos actualit\u00e9s &#8226; Saf-Instant Alg\u00e9rie\",\"isPartOf\":{\"@id\":\"https:\\\/\\\/safinstantdz.com\\\/ar\\\/#website\"},\"datePublished\":\"2018-06-29T12:56:27+00:00\",\"dateModified\":\"2018-07-11T14:03:38+00:00\",\"description\":\"Quoi de neuf avec Saf-Instant Alg\u00e9rie ? Retrouvez toutes les actualit\u00e9s de la marque de levure s\u00e8che de r\u00e9f\u00e9rence, comme notre \u00e9mission \\\"Au c\u0153ur de l'Alg\u00e9rie\\\".\",\"breadcrumb\":{\"@id\":\"https:\\\/\\\/safinstantdz.com\\\/fr\\\/quoi-de-neuf\\\/#breadcrumb\"},\"inLanguage\":\"fr-FR\",\"potentialAction\":[{\"@type\":\"ReadAction\",\"target\":[\"https:\\\/\\\/safinstantdz.com\\\/fr\\\/quoi-de-neuf\\\/\"]}]},{\"@type\":\"BreadcrumbList\",\"@id\":\"https:\\\/\\\/safinstantdz.com\\\/fr\\\/quoi-de-neuf\\\/#breadcrumb\",\"itemListElement\":[{\"@type\":\"ListItem\",\"position\":1,\"name\":\"Home\",\"item\":\"https:\\\/\\\/safinstantdz.com\\\/fr\\\/\"},{\"@type\":\"ListItem\",\"position\":2,\"name\":\"Quoi de neuf ?\"}]},{\"@type\":\"WebSite\",\"@id\":\"https:\\\/\\\/safinstantdz.com\\\/ar\\\/#website\",\"url\":\"https:\\\/\\\/safinstantdz.com\\\/ar\\\/\",\"name\":\"Saf-Instant Alg\u00e9rie\",\"description\":\"la levure s\u00e8che de r\u00e9f\u00e9rence\",\"potentialAction\":[{\"@type\":\"SearchAction\",\"target\":{\"@type\":\"EntryPoint\",\"urlTemplate\":\"https:\\\/\\\/safinstantdz.com\\\/ar\\\/?s={search_term_string}\"},\"query-input\":{\"@type\":\"PropertyValueSpecification\",\"valueRequired\":true,\"valueName\":\"search_term_string\"}}],\"inLanguage\":\"fr-FR\"}]}<\/script>\n<!-- \/ Yoast SEO Premium plugin. -->","yoast_head_json":{"title":"Toutes nos actualit\u00e9s &#8226; Saf-Instant Alg\u00e9rie","description":"Quoi de neuf avec Saf-Instant Alg\u00e9rie ? Retrouvez toutes les actualit\u00e9s de la marque de levure s\u00e8che de r\u00e9f\u00e9rence, comme notre \u00e9mission \"Au c\u0153ur de l'Alg\u00e9rie\".","robots":{"index":"index","follow":"follow","max-snippet":"max-snippet:-1","max-image-preview":"max-image-preview:large","max-video-preview":"max-video-preview:-1"},"canonical":"https:\/\/safinstantdz.com\/fr\/quoi-de-neuf\/","og_locale":"fr_FR","og_type":"article","og_title":"Quoi de neuf ?","og_description":"Quoi de neuf avec Saf-Instant Alg\u00e9rie ? Retrouvez toutes les actualit\u00e9s de la marque de levure s\u00e8che de r\u00e9f\u00e9rence, comme notre \u00e9mission \"Au c\u0153ur de l'Alg\u00e9rie\".","og_url":"https:\/\/safinstantdz.com\/fr\/quoi-de-neuf\/","og_site_name":"Saf-Instant Alg\u00e9rie","article_modified_time":"2018-07-11T14:03:38+00:00","twitter_card":"summary_large_image","schema":{"@context":"https:\/\/schema.org","@graph":[{"@type":"WebPage","@id":"https:\/\/safinstantdz.com\/fr\/quoi-de-neuf\/","url":"https:\/\/safinstantdz.com\/fr\/quoi-de-neuf\/","name":"Toutes nos actualit\u00e9s &#8226; Saf-Instant Alg\u00e9rie","isPartOf":{"@id":"https:\/\/safinstantdz.com\/ar\/#website"},"datePublished":"2018-06-29T12:56:27+00:00","dateModified":"2018-07-11T14:03:38+00:00","description":"Quoi de neuf avec Saf-Instant Alg\u00e9rie ? Retrouvez toutes les actualit\u00e9s de la marque de levure s\u00e8che de r\u00e9f\u00e9rence, comme notre \u00e9mission \"Au c\u0153ur de l'Alg\u00e9rie\".","breadcrumb":{"@id":"https:\/\/safinstantdz.com\/fr\/quoi-de-neuf\/#breadcrumb"},"inLanguage":"fr-FR","potentialAction":[{"@type":"ReadAction","target":["https:\/\/safinstantdz.com\/fr\/quoi-de-neuf\/"]}]},{"@type":"BreadcrumbList","@id":"https:\/\/safinstantdz.com\/fr\/quoi-de-neuf\/#breadcrumb","itemListElement":[{"@type":"ListItem","position":1,"name":"Home","item":"https:\/\/safinstantdz.com\/fr\/"},{"@type":"ListItem","position":2,"name":"Quoi de neuf ?"}]},{"@type":"WebSite","@id":"https:\/\/safinstantdz.com\/ar\/#website","url":"https:\/\/safinstantdz.com\/ar\/","name":"Saf-Instant Alg\u00e9rie","description":"la levure s\u00e8che de r\u00e9f\u00e9rence","potentialAction":[{"@type":"SearchAction","target":{"@type":"EntryPoint","urlTemplate":"https:\/\/safinstantdz.com\/ar\/?s={search_term_string}"},"query-input":{"@type":"PropertyValueSpecification","valueRequired":true,"valueName":"search_term_string"}}],"inLanguage":"fr-FR"}]}},"_links":{"self":[{"href":"https:\/\/safinstantdz.com\/fr\/wp-json\/wp\/v2\/pages\/426","targetHints":{"allow":["GET"]}}],"collection":[{"href":"https:\/\/safinstantdz.com\/fr\/wp-json\/wp\/v2\/pages"}],"about":[{"href":"https:\/\/safinstantdz.com\/fr\/wp-json\/wp\/v2\/types\/page"}],"author":[{"embeddable":true,"href":"https:\/\/safinstantdz.com\/fr\/wp-json\/wp\/v2\/users\/1"}],"replies":[{"embeddable":true,"href":"https:\/\/safinstantdz.com\/fr\/wp-json\/wp\/v2\/comments?post=426"}],"version-history":[{"count":0,"href":"https:\/\/safinstantdz.com\/fr\/wp-json\/wp\/v2\/pages\/426\/revisions"}],"wp:attachment":[{"href":"https:\/\/safinstantdz.com\/fr\/wp-json\/wp\/v2\/media?parent=426"}],"curies":[{"name":"wp","href":"https:\/\/api.w.org\/{rel}","templated":true}]}}