{"id":97,"date":"2018-02-20T11:41:10","date_gmt":"2018-02-20T11:41:10","guid":{"rendered":"http:\/\/bridge164.qodeinteractive.com\/?page_id=97"},"modified":"2022-04-06T10:39:36","modified_gmt":"2022-04-06T08:39:36","slug":"saf-instant-la-levure-de-reference","status":"publish","type":"page","link":"https:\/\/safinstantdz.com\/fr\/saf-instant-la-levure-de-reference\/","title":{"rendered":"Saf-instant : la levure de r\u00e9f\u00e9rence"},"content":{"rendered":"<div class=\"wpb-content-wrapper\"><p>[vc_row css_animation=&#8221;&#8221; row_type=&#8221;row&#8221; use_row_as_full_screen_section=&#8221;no&#8221; type=&#8221;full_width&#8221; angled_section=&#8221;no&#8221; text_align=&#8221;left&#8221; background_image_as_pattern=&#8221;without_pattern&#8221; z_index=&#8221;&#8221; css=&#8221;.vc_custom_1530347457393{padding-top: 0px !important;padding-bottom: 2% !important;}&#8221;][vc_column][vc_column_text]<strong>La marque de levure s\u00e8che est pr\u00e9sente en Alg\u00e9rie depuis plus de 40 ans\u2026Entre les familles alg\u00e9riennes et Saf-instant<sup>\u00ae<\/sup> une longue histoire d\u2019amour qui n\u2019est pas pr\u00eate \u00e0 s\u2019\u00e9teindre.<\/strong>[\/vc_column_text][\/vc_column][\/vc_row][vc_row css_animation=&#8221;&#8221; row_type=&#8221;row&#8221; use_row_as_full_screen_section=&#8221;no&#8221; type=&#8221;full_width&#8221; angled_section=&#8221;no&#8221; text_align=&#8221;left&#8221; background_image_as_pattern=&#8221;without_pattern&#8221; z_index=&#8221;&#8221; css=&#8221;.vc_custom_1530347457393{padding-top: 0px !important;padding-bottom: 2% !important;}&#8221;][vc_column width=&#8221;1\/2&#8243;][vc_video link=&#8221;https:\/\/www.youtube.com\/watch?v=IkGiH434GNI&#8221; align=&#8221;center&#8221;][\/vc_column][vc_column width=&#8221;1\/2&#8243; css=&#8221;.vc_custom_1530683121720{padding-top: 15px !important;}&#8221;][vc_column_text]Transmise de g\u00e9n\u00e9rations en g\u00e9n\u00e9ration, de la grand-m\u00e8re \u00e0 son arri\u00e8re-petite-fille ! La marque est entr\u00e9e dans le c\u0153ur des consommateurs Alg\u00e9riens, devenant ainsi un secret qui ne se partage qu\u2019entre les membres de la famille.[\/vc_column_text][\/vc_column][\/vc_row][vc_row css_animation=&#8221;&#8221; row_type=&#8221;row&#8221; use_row_as_full_screen_section=&#8221;no&#8221; type=&#8221;full_width&#8221; angled_section=&#8221;no&#8221; text_align=&#8221;left&#8221; background_image_as_pattern=&#8221;without_pattern&#8221; css=&#8221;.vc_custom_1530682454198{padding-top: 1% !important;padding-bottom: 2% !important;}&#8221; z_index=&#8221;&#8221;][vc_column][vc_column_text]Alli\u00e9 des familles Alg\u00e9riennes qui partagent la passion de faire du pain \u00e0 la maison, Saf-instant<sup>\u00ae<\/sup> les aide, les inspire et leur permette de r\u00e9aliser leurs sp\u00e9cialit\u00e9s boulang\u00e8res \u00e0 la maison, en offrant une levure de haute performance, facile \u00e0 utiliser et qui apporte toujours un r\u00e9sultat \u00e0 la hauteur des attentes, peu importe la sp\u00e9cialit\u00e9 souhait\u00e9e : de la baguette au matloue, \u00e0 la kesra\u2026 \u00e0 d\u00e9guster en famille ou avec des amis, avec un peu d\u2019huile d\u2019olive et des tomates \u00e9miett\u00e9es sur une tranche de matloue\u2026 un pur bonheur ![\/vc_column_text][\/vc_column][\/vc_row][vc_row css_animation=&#8221;&#8221; row_type=&#8221;row&#8221; use_row_as_full_screen_section=&#8221;no&#8221; type=&#8221;full_width&#8221; angled_section=&#8221;no&#8221; text_align=&#8221;left&#8221; background_image_as_pattern=&#8221;without_pattern&#8221; css=&#8221;.vc_custom_1530682461500{padding-top: 1% !important;padding-bottom: 2% !important;}&#8221; z_index=&#8221;&#8221;][vc_column][vc_column_text]<img loading=\"lazy\" decoding=\"async\" class=\"alignright size-medium wp-image-2097\" src=\"https:\/\/safinstantdz.com\/wp-content\/uploads\/2022\/04\/SHERAZADE-SAF-268x300.jpg\" alt=\"Chef Sherazade\" width=\"268\" height=\"300\" srcset=\"https:\/\/safinstantdz.com\/wp-content\/uploads\/2022\/04\/SHERAZADE-SAF-268x300.jpg 268w, https:\/\/safinstantdz.com\/wp-content\/uploads\/2022\/04\/SHERAZADE-SAF-768x859.jpg 768w, https:\/\/safinstantdz.com\/wp-content\/uploads\/2022\/04\/SHERAZADE-SAF-700x783.jpg 700w, https:\/\/safinstantdz.com\/wp-content\/uploads\/2022\/04\/SHERAZADE-SAF.jpg 800w\" sizes=\"auto, (max-width: 268px) 100vw, 268px\" \/>A travers ce site Internet ainsi que les r\u00e9seaux sociaux\u00a0: Facebook, Instagram et YouTube, la marque Saf-instant<sup>\u00ae<\/sup> apporte toujours du nouveau en mati\u00e8re de contenus culinaires \u00e0 sa communaut\u00e9 Alg\u00e9rienne, avec qui elle entretient une relation tr\u00e8s forte depuis de nombreuses ann\u00e9es.<br \/>\nGr\u00e2ce \u00e0 son ambassadrice \u00ab\u00a0Chef Sherazade\u00a0\u00bb un panel d\u2019influenceurs culinaires, la marque Saf-instant<sup>\u00ae<\/sup> part \u00e0 la d\u00e9couverte des richesses et des diversit\u00e9s culinaires de l\u2019Alg\u00e9rie, en apportant une touche de modernit\u00e9 avec un produit de qualit\u00e9, toujours appr\u00e9ci\u00e9 par ses consommateurs.[\/vc_column_text][\/vc_column][\/vc_row][vc_row css_animation=&#8221;&#8221; row_type=&#8221;row&#8221; use_row_as_full_screen_section=&#8221;no&#8221; type=&#8221;full_width&#8221; angled_section=&#8221;no&#8221; text_align=&#8221;left&#8221; background_image_as_pattern=&#8221;without_pattern&#8221; css=&#8221;.vc_custom_1530682454198{padding-top: 1% !important;padding-bottom: 2% !important;}&#8221; z_index=&#8221;&#8221;][vc_column][vc_column_text]<strong>Simple \u00e0 utiliser, ne n\u00e9cessitant pas de r\u00e9hydratation, la levure Saf-instant<sup>\u00ae<\/sup> est disponible en deux formats 125g et 500g :<\/strong>[\/vc_column_text][vc_separator type=&#8221;transparent&#8221; up=&#8221;15&#8243; down=&#8221;15&#8243;][vc_row_inner row_type=&#8221;row&#8221; type=&#8221;full_width&#8221; text_align=&#8221;left&#8221; css_animation=&#8221;&#8221;][vc_column_inner][vc_single_image image=&#8221;1583&#8243; img_size=&#8221;full&#8221; alignment=&#8221;center&#8221; qode_css_animation=&#8221;&#8221;][\/vc_column_inner][\/vc_row_inner][\/vc_column][\/vc_row]<\/p>\n<\/div>","protected":false},"excerpt":{"rendered":"<p>[vc_row css_animation=&#8221;&#8221; row_type=&#8221;row&#8221; use_row_as_full_screen_section=&#8221;no&#8221; type=&#8221;full_width&#8221; angled_section=&#8221;no&#8221; text_align=&#8221;left&#8221; background_image_as_pattern=&#8221;without_pattern&#8221; z_index=&#8221;&#8221; css=&#8221;.vc_custom_1530347457393{padding-top: 0px !important;padding-bottom: 2% !important;}&#8221;][vc_column][vc_column_text]La marque de levure s\u00e8che est pr\u00e9sente en Alg\u00e9rie depuis plus de 40 ans\u2026Entre les familles alg\u00e9riennes et Saf-instant\u00ae une longue histoire d\u2019amour qui n\u2019est pas pr\u00eate \u00e0 s\u2019\u00e9teindre.[\/vc_column_text][\/vc_column][\/vc_row][vc_row css_animation=&#8221;&#8221; row_type=&#8221;row&#8221; use_row_as_full_screen_section=&#8221;no&#8221;&#8230;<\/p>\n","protected":false},"author":1,"featured_media":0,"parent":0,"menu_order":0,"comment_status":"closed","ping_status":"closed","template":"","meta":{"footnotes":""},"class_list":["post-97","page","type-page","status-publish","hentry"],"yoast_head":"<!-- This site is optimized with the Yoast SEO Premium plugin v19.5 (Yoast SEO v27.5) - https:\/\/yoast.com\/product\/yoast-seo-premium-wordpress\/ -->\n<title>Saf-Instant : la levure s\u00e8che de r\u00e9f\u00e9rence &#8226; Saf-Instant Alg\u00e9rie<\/title>\n<meta name=\"description\" content=\"Depuis plus de 40 ans, Saf-Instant est la levure s\u00e8che de r\u00e9f\u00e9rence en Alg\u00e9rie : une longue histoire d&#039;amour entre les familles et la marque qui n&#039;est pas pr\u00eate de s&#039;\u00e9teindre !\" \/>\n<meta name=\"robots\" content=\"index, follow, max-snippet:-1, max-image-preview:large, max-video-preview:-1\" \/>\n<link rel=\"canonical\" href=\"https:\/\/safinstantdz.com\/ar\/\u0635\u0627\u0641-\u0623\u0646\u0633\u062a\u0627\u0646\u062a-\u0627\u0644\u062e\u0645\u064a\u0631\u0629-\u0627\u0644\u0645\u0631\u062c\u0639\u064a\u0629\/\" \/>\n<meta property=\"og:locale\" content=\"fr_FR\" \/>\n<meta property=\"og:type\" content=\"article\" \/>\n<meta property=\"og:title\" content=\"Saf-instant : la levure de r\u00e9f\u00e9rence\" \/>\n<meta property=\"og:description\" content=\"Depuis plus de 40 ans, Saf-Instant est la levure s\u00e8che de r\u00e9f\u00e9rence en Alg\u00e9rie : une longue histoire d&#039;amour entre les familles et la marque qui n&#039;est pas pr\u00eate de s&#039;\u00e9teindre !\" \/>\n<meta property=\"og:url\" content=\"https:\/\/safinstantdz.com\/ar\/\u0635\u0627\u0641-\u0623\u0646\u0633\u062a\u0627\u0646\u062a-\u0627\u0644\u062e\u0645\u064a\u0631\u0629-\u0627\u0644\u0645\u0631\u062c\u0639\u064a\u0629\/\" \/>\n<meta property=\"og:site_name\" content=\"Saf-Instant Alg\u00e9rie\" \/>\n<meta property=\"article:modified_time\" content=\"2022-04-06T08:39:36+00:00\" \/>\n<meta property=\"og:image\" content=\"https:\/\/safinstantdz.com\/wp-content\/uploads\/2022\/04\/SHERAZADE-SAF-268x300.jpg\" \/>\n<meta name=\"twitter:card\" content=\"summary_large_image\" \/>\n<meta name=\"twitter:label1\" content=\"Dur\u00e9e de lecture estim\u00e9e\" \/>\n\t<meta name=\"twitter:data1\" content=\"2 minutes\" \/>\n<script type=\"application\/ld+json\" class=\"yoast-schema-graph\">{\"@context\":\"https:\\\/\\\/schema.org\",\"@graph\":[{\"@type\":\"WebPage\",\"@id\":\"https:\\\/\\\/safinstantdz.com\\\/ar\\\/%d8%b5%d8%a7%d9%81-%d8%a3%d9%86%d8%b3%d8%aa%d8%a7%d9%86%d8%aa-%d8%a7%d9%84%d8%ae%d9%85%d9%8a%d8%b1%d8%a9-%d8%a7%d9%84%d9%85%d8%b1%d8%ac%d8%b9%d9%8a%d8%a9\\\/\",\"url\":\"https:\\\/\\\/safinstantdz.com\\\/ar\\\/%d8%b5%d8%a7%d9%81-%d8%a3%d9%86%d8%b3%d8%aa%d8%a7%d9%86%d8%aa-%d8%a7%d9%84%d8%ae%d9%85%d9%8a%d8%b1%d8%a9-%d8%a7%d9%84%d9%85%d8%b1%d8%ac%d8%b9%d9%8a%d8%a9\\\/\",\"name\":\"Saf-Instant : la levure s\u00e8che de r\u00e9f\u00e9rence &#8226; Saf-Instant Alg\u00e9rie\",\"isPartOf\":{\"@id\":\"https:\\\/\\\/safinstantdz.com\\\/ar\\\/#website\"},\"primaryImageOfPage\":{\"@id\":\"https:\\\/\\\/safinstantdz.com\\\/ar\\\/%d8%b5%d8%a7%d9%81-%d8%a3%d9%86%d8%b3%d8%aa%d8%a7%d9%86%d8%aa-%d8%a7%d9%84%d8%ae%d9%85%d9%8a%d8%b1%d8%a9-%d8%a7%d9%84%d9%85%d8%b1%d8%ac%d8%b9%d9%8a%d8%a9\\\/#primaryimage\"},\"image\":{\"@id\":\"https:\\\/\\\/safinstantdz.com\\\/ar\\\/%d8%b5%d8%a7%d9%81-%d8%a3%d9%86%d8%b3%d8%aa%d8%a7%d9%86%d8%aa-%d8%a7%d9%84%d8%ae%d9%85%d9%8a%d8%b1%d8%a9-%d8%a7%d9%84%d9%85%d8%b1%d8%ac%d8%b9%d9%8a%d8%a9\\\/#primaryimage\"},\"thumbnailUrl\":\"https:\\\/\\\/safinstantdz.com\\\/wp-content\\\/uploads\\\/2022\\\/04\\\/SHERAZADE-SAF-268x300.jpg\",\"datePublished\":\"2018-02-20T11:41:10+00:00\",\"dateModified\":\"2022-04-06T08:39:36+00:00\",\"description\":\"Depuis plus de 40 ans, Saf-Instant est la levure s\u00e8che de r\u00e9f\u00e9rence en Alg\u00e9rie : une longue histoire d'amour entre les familles et la marque qui n'est pas pr\u00eate de s'\u00e9teindre !\",\"breadcrumb\":{\"@id\":\"https:\\\/\\\/safinstantdz.com\\\/ar\\\/%d8%b5%d8%a7%d9%81-%d8%a3%d9%86%d8%b3%d8%aa%d8%a7%d9%86%d8%aa-%d8%a7%d9%84%d8%ae%d9%85%d9%8a%d8%b1%d8%a9-%d8%a7%d9%84%d9%85%d8%b1%d8%ac%d8%b9%d9%8a%d8%a9\\\/#breadcrumb\"},\"inLanguage\":\"fr-FR\",\"potentialAction\":[{\"@type\":\"ReadAction\",\"target\":[\"https:\\\/\\\/safinstantdz.com\\\/ar\\\/%d8%b5%d8%a7%d9%81-%d8%a3%d9%86%d8%b3%d8%aa%d8%a7%d9%86%d8%aa-%d8%a7%d9%84%d8%ae%d9%85%d9%8a%d8%b1%d8%a9-%d8%a7%d9%84%d9%85%d8%b1%d8%ac%d8%b9%d9%8a%d8%a9\\\/\"]}]},{\"@type\":\"ImageObject\",\"inLanguage\":\"fr-FR\",\"@id\":\"https:\\\/\\\/safinstantdz.com\\\/ar\\\/%d8%b5%d8%a7%d9%81-%d8%a3%d9%86%d8%b3%d8%aa%d8%a7%d9%86%d8%aa-%d8%a7%d9%84%d8%ae%d9%85%d9%8a%d8%b1%d8%a9-%d8%a7%d9%84%d9%85%d8%b1%d8%ac%d8%b9%d9%8a%d8%a9\\\/#primaryimage\",\"url\":\"https:\\\/\\\/safinstantdz.com\\\/wp-content\\\/uploads\\\/2022\\\/04\\\/SHERAZADE-SAF-268x300.jpg\",\"contentUrl\":\"https:\\\/\\\/safinstantdz.com\\\/wp-content\\\/uploads\\\/2022\\\/04\\\/SHERAZADE-SAF-268x300.jpg\"},{\"@type\":\"BreadcrumbList\",\"@id\":\"https:\\\/\\\/safinstantdz.com\\\/ar\\\/%d8%b5%d8%a7%d9%81-%d8%a3%d9%86%d8%b3%d8%aa%d8%a7%d9%86%d8%aa-%d8%a7%d9%84%d8%ae%d9%85%d9%8a%d8%b1%d8%a9-%d8%a7%d9%84%d9%85%d8%b1%d8%ac%d8%b9%d9%8a%d8%a9\\\/#breadcrumb\",\"itemListElement\":[{\"@type\":\"ListItem\",\"position\":1,\"name\":\"Home\",\"item\":\"https:\\\/\\\/safinstantdz.com\\\/fr\\\/\"},{\"@type\":\"ListItem\",\"position\":2,\"name\":\"Saf-instant : la levure de r\u00e9f\u00e9rence\"}]},{\"@type\":\"WebSite\",\"@id\":\"https:\\\/\\\/safinstantdz.com\\\/ar\\\/#website\",\"url\":\"https:\\\/\\\/safinstantdz.com\\\/ar\\\/\",\"name\":\"Saf-Instant Alg\u00e9rie\",\"description\":\"la levure s\u00e8che de r\u00e9f\u00e9rence\",\"potentialAction\":[{\"@type\":\"SearchAction\",\"target\":{\"@type\":\"EntryPoint\",\"urlTemplate\":\"https:\\\/\\\/safinstantdz.com\\\/ar\\\/?s={search_term_string}\"},\"query-input\":{\"@type\":\"PropertyValueSpecification\",\"valueRequired\":true,\"valueName\":\"search_term_string\"}}],\"inLanguage\":\"fr-FR\"}]}<\/script>\n<!-- \/ Yoast SEO Premium plugin. -->","yoast_head_json":{"title":"Saf-Instant : la levure s\u00e8che de r\u00e9f\u00e9rence &#8226; Saf-Instant Alg\u00e9rie","description":"Depuis plus de 40 ans, Saf-Instant est la levure s\u00e8che de r\u00e9f\u00e9rence en Alg\u00e9rie : une longue histoire d'amour entre les familles et la marque qui n'est pas pr\u00eate de s'\u00e9teindre !","robots":{"index":"index","follow":"follow","max-snippet":"max-snippet:-1","max-image-preview":"max-image-preview:large","max-video-preview":"max-video-preview:-1"},"canonical":"https:\/\/safinstantdz.com\/ar\/\u0635\u0627\u0641-\u0623\u0646\u0633\u062a\u0627\u0646\u062a-\u0627\u0644\u062e\u0645\u064a\u0631\u0629-\u0627\u0644\u0645\u0631\u062c\u0639\u064a\u0629\/","og_locale":"fr_FR","og_type":"article","og_title":"Saf-instant : la levure de r\u00e9f\u00e9rence","og_description":"Depuis plus de 40 ans, Saf-Instant est la levure s\u00e8che de r\u00e9f\u00e9rence en Alg\u00e9rie : une longue histoire d'amour entre les familles et la marque qui n'est pas pr\u00eate de s'\u00e9teindre !","og_url":"https:\/\/safinstantdz.com\/ar\/\u0635\u0627\u0641-\u0623\u0646\u0633\u062a\u0627\u0646\u062a-\u0627\u0644\u062e\u0645\u064a\u0631\u0629-\u0627\u0644\u0645\u0631\u062c\u0639\u064a\u0629\/","og_site_name":"Saf-Instant Alg\u00e9rie","article_modified_time":"2022-04-06T08:39:36+00:00","og_image":[{"url":"https:\/\/safinstantdz.com\/wp-content\/uploads\/2022\/04\/SHERAZADE-SAF-268x300.jpg","type":"","width":"","height":""}],"twitter_card":"summary_large_image","twitter_misc":{"Dur\u00e9e de lecture estim\u00e9e":"2 minutes"},"schema":{"@context":"https:\/\/schema.org","@graph":[{"@type":"WebPage","@id":"https:\/\/safinstantdz.com\/ar\/%d8%b5%d8%a7%d9%81-%d8%a3%d9%86%d8%b3%d8%aa%d8%a7%d9%86%d8%aa-%d8%a7%d9%84%d8%ae%d9%85%d9%8a%d8%b1%d8%a9-%d8%a7%d9%84%d9%85%d8%b1%d8%ac%d8%b9%d9%8a%d8%a9\/","url":"https:\/\/safinstantdz.com\/ar\/%d8%b5%d8%a7%d9%81-%d8%a3%d9%86%d8%b3%d8%aa%d8%a7%d9%86%d8%aa-%d8%a7%d9%84%d8%ae%d9%85%d9%8a%d8%b1%d8%a9-%d8%a7%d9%84%d9%85%d8%b1%d8%ac%d8%b9%d9%8a%d8%a9\/","name":"Saf-Instant : la levure s\u00e8che de r\u00e9f\u00e9rence &#8226; Saf-Instant Alg\u00e9rie","isPartOf":{"@id":"https:\/\/safinstantdz.com\/ar\/#website"},"primaryImageOfPage":{"@id":"https:\/\/safinstantdz.com\/ar\/%d8%b5%d8%a7%d9%81-%d8%a3%d9%86%d8%b3%d8%aa%d8%a7%d9%86%d8%aa-%d8%a7%d9%84%d8%ae%d9%85%d9%8a%d8%b1%d8%a9-%d8%a7%d9%84%d9%85%d8%b1%d8%ac%d8%b9%d9%8a%d8%a9\/#primaryimage"},"image":{"@id":"https:\/\/safinstantdz.com\/ar\/%d8%b5%d8%a7%d9%81-%d8%a3%d9%86%d8%b3%d8%aa%d8%a7%d9%86%d8%aa-%d8%a7%d9%84%d8%ae%d9%85%d9%8a%d8%b1%d8%a9-%d8%a7%d9%84%d9%85%d8%b1%d8%ac%d8%b9%d9%8a%d8%a9\/#primaryimage"},"thumbnailUrl":"https:\/\/safinstantdz.com\/wp-content\/uploads\/2022\/04\/SHERAZADE-SAF-268x300.jpg","datePublished":"2018-02-20T11:41:10+00:00","dateModified":"2022-04-06T08:39:36+00:00","description":"Depuis plus de 40 ans, Saf-Instant est la levure s\u00e8che de r\u00e9f\u00e9rence en Alg\u00e9rie : une longue histoire d'amour entre les familles et la marque qui n'est pas pr\u00eate de s'\u00e9teindre !","breadcrumb":{"@id":"https:\/\/safinstantdz.com\/ar\/%d8%b5%d8%a7%d9%81-%d8%a3%d9%86%d8%b3%d8%aa%d8%a7%d9%86%d8%aa-%d8%a7%d9%84%d8%ae%d9%85%d9%8a%d8%b1%d8%a9-%d8%a7%d9%84%d9%85%d8%b1%d8%ac%d8%b9%d9%8a%d8%a9\/#breadcrumb"},"inLanguage":"fr-FR","potentialAction":[{"@type":"ReadAction","target":["https:\/\/safinstantdz.com\/ar\/%d8%b5%d8%a7%d9%81-%d8%a3%d9%86%d8%b3%d8%aa%d8%a7%d9%86%d8%aa-%d8%a7%d9%84%d8%ae%d9%85%d9%8a%d8%b1%d8%a9-%d8%a7%d9%84%d9%85%d8%b1%d8%ac%d8%b9%d9%8a%d8%a9\/"]}]},{"@type":"ImageObject","inLanguage":"fr-FR","@id":"https:\/\/safinstantdz.com\/ar\/%d8%b5%d8%a7%d9%81-%d8%a3%d9%86%d8%b3%d8%aa%d8%a7%d9%86%d8%aa-%d8%a7%d9%84%d8%ae%d9%85%d9%8a%d8%b1%d8%a9-%d8%a7%d9%84%d9%85%d8%b1%d8%ac%d8%b9%d9%8a%d8%a9\/#primaryimage","url":"https:\/\/safinstantdz.com\/wp-content\/uploads\/2022\/04\/SHERAZADE-SAF-268x300.jpg","contentUrl":"https:\/\/safinstantdz.com\/wp-content\/uploads\/2022\/04\/SHERAZADE-SAF-268x300.jpg"},{"@type":"BreadcrumbList","@id":"https:\/\/safinstantdz.com\/ar\/%d8%b5%d8%a7%d9%81-%d8%a3%d9%86%d8%b3%d8%aa%d8%a7%d9%86%d8%aa-%d8%a7%d9%84%d8%ae%d9%85%d9%8a%d8%b1%d8%a9-%d8%a7%d9%84%d9%85%d8%b1%d8%ac%d8%b9%d9%8a%d8%a9\/#breadcrumb","itemListElement":[{"@type":"ListItem","position":1,"name":"Home","item":"https:\/\/safinstantdz.com\/fr\/"},{"@type":"ListItem","position":2,"name":"Saf-instant : la levure de r\u00e9f\u00e9rence"}]},{"@type":"WebSite","@id":"https:\/\/safinstantdz.com\/ar\/#website","url":"https:\/\/safinstantdz.com\/ar\/","name":"Saf-Instant Alg\u00e9rie","description":"la levure s\u00e8che de r\u00e9f\u00e9rence","potentialAction":[{"@type":"SearchAction","target":{"@type":"EntryPoint","urlTemplate":"https:\/\/safinstantdz.com\/ar\/?s={search_term_string}"},"query-input":{"@type":"PropertyValueSpecification","valueRequired":true,"valueName":"search_term_string"}}],"inLanguage":"fr-FR"}]}},"_links":{"self":[{"href":"https:\/\/safinstantdz.com\/fr\/wp-json\/wp\/v2\/pages\/97","targetHints":{"allow":["GET"]}}],"collection":[{"href":"https:\/\/safinstantdz.com\/fr\/wp-json\/wp\/v2\/pages"}],"about":[{"href":"https:\/\/safinstantdz.com\/fr\/wp-json\/wp\/v2\/types\/page"}],"author":[{"embeddable":true,"href":"https:\/\/safinstantdz.com\/fr\/wp-json\/wp\/v2\/users\/1"}],"replies":[{"embeddable":true,"href":"https:\/\/safinstantdz.com\/fr\/wp-json\/wp\/v2\/comments?post=97"}],"version-history":[{"count":0,"href":"https:\/\/safinstantdz.com\/fr\/wp-json\/wp\/v2\/pages\/97\/revisions"}],"wp:attachment":[{"href":"https:\/\/safinstantdz.com\/fr\/wp-json\/wp\/v2\/media?parent=97"}],"curies":[{"name":"wp","href":"https:\/\/api.w.org\/{rel}","templated":true}]}}